{"id":2,"date":"2024-05-06T01:38:49","date_gmt":"2024-05-06T01:38:49","guid":{"rendered":"https:\/\/ultrareklama.pl\/?page_id=2"},"modified":"2025-08-08T11:46:07","modified_gmt":"2025-08-08T11:46:07","slug":"home","status":"publish","type":"page","link":"https:\/\/ultrareklama.pl\/","title":{"rendered":"Home"},"content":{"rendered":"<div class=\"wpb-content-wrapper\">[mk_page_section][vc_column][vc_row_inner is_fullwidth_content=&#8221;false&#8221;][vc_column_inner][mk_image src=&#8221;https:\/\/ultrareklama.pl\/wp-content\/uploads\/2024\/05\/ultra_reklama_600.png&#8221; image_size=&#8221;full&#8221; align=&#8221;center&#8221;][\/vc_column_inner][\/vc_row_inner][mk_padding_divider][mk_padding_divider][vc_row_inner is_fullwidth_content=&#8221;false&#8221;][vc_column_inner][mk_fancy_title size=&#8221;25&#8243; force_font_size=&#8221;true&#8221; size_smallscreen=&#8221;25&#8243; size_tablet=&#8221;25&#8243; size_phone=&#8221;18&#8243; font_weight=&#8221;bold&#8221; letter_spacing=&#8221;6&#8243; font_family=&#8221;none&#8221; align=&#8221;center&#8221;]MIEJSCE NA TWOJ\u0104 REKLAM\u0118[\/mk_fancy_title][vc_column_text css=&#8221;.vc_custom_1715022694314{margin-bottom: 0px !important;}&#8221;]\n<p style=\"text-align: center;\">Banery reklamowe to jedne z najbardziej popularnych form reklamy zewn\u0119trznej.<br \/>\nS\u0105 to du\u017ce drukowane banery umieszczone na budynkach, billbordach, platformach reklamowych lub innych obiektach, kt\u00f3re maj\u0105 na celu przyci\u0105gni\u0119cie uwagi potencjalnych klient\u00f3w.<\/p>\n<p style=\"text-align: center;\"><strong>Plusy reklamy na banerach s\u0105 liczne:<\/strong><br \/>\nPo pierwsze, banery reklamowe s\u0105 niezwykle skuteczn\u0105 form\u0105 promocji produkt\u00f3w lub us\u0142ug, poniewa\u017c s\u0105 umieszczone na widocznym i cz\u0119sto ucz\u0119szczanym miejscu, co zwi\u0119ksza szans\u0119 na zauwa\u017cenie ich przez przelotnych klient\u00f3w.<\/p>\n<p style=\"text-align: center;\">Po drugie, banery reklamowe pozwalaj\u0105 na szerok\u0105 i efektywn\u0105 promocj\u0119, poniewa\u017c mog\u0105 trafi\u0107 do du\u017cej liczby os\u00f3b w kr\u00f3tkim czasie. Po trzecie, banery reklamowe s\u0105 stosunkowo tanie w por\u00f3wnaniu do innych form reklamy zewn\u0119trznej, co sprawia, \u017ce s\u0105 atrakcyjn\u0105 opcj\u0105 dla firm poszukuj\u0105cych efektywnego sposobu promocji.<\/p>\n<p style=\"text-align: center;\">Je\u015bli szukasz skutecznego sposobu promocji swojej firmy lub produktu, banery reklamowe mog\u0105 by\u0107 idealnym rozwi\u0105zaniem. Dzi\u0119ki nim mo\u017cesz dotrze\u0107 do szerokiej grupy odbiorc\u00f3w i przyci\u0105gn\u0105\u0107 ich uwag\u0119. Nie zwlekaj, skorzystaj z naszej oferty i zam\u00f3w baner reklamowy ju\u017c teraz!<\/p>\n[\/vc_column_text][\/vc_column_inner][\/vc_row_inner][mk_padding_divider][mk_padding_divider][vc_row_inner is_fullwidth_content=&#8221;false&#8221;][vc_column_inner][mk_fancy_title size=&#8221;25&#8243; force_font_size=&#8221;true&#8221; size_smallscreen=&#8221;25&#8243; size_tablet=&#8221;25&#8243; size_phone=&#8221;18&#8243; font_weight=&#8221;bold&#8221; letter_spacing=&#8221;6&#8243; font_family=&#8221;none&#8221; align=&#8221;center&#8221;]PRZYK\u0141ADOWE REALIZACJE[\/mk_fancy_title][vc_gallery type=&#8221;nivo&#8221; interval=&#8221;3&#8243; images=&#8221;24,68,77,65,78,79,83,84,85,66,69,67&#8243; img_size=&#8221;large&#8221; css=&#8221;&#8221;][\/vc_column_inner][\/vc_row_inner][mk_padding_divider][mk_padding_divider][vc_row_inner is_fullwidth_content=&#8221;false&#8221;][vc_column_inner][mk_fancy_title size=&#8221;25&#8243; force_font_size=&#8221;true&#8221; size_smallscreen=&#8221;25&#8243; size_tablet=&#8221;25&#8243; size_phone=&#8221;18&#8243; font_weight=&#8221;bold&#8221; letter_spacing=&#8221;6&#8243; font_family=&#8221;none&#8221; align=&#8221;center&#8221;]SKONTAKTUJ SI\u0118 Z NAMI:[\/mk_fancy_title][mk_icon_box icon=&#8221;mk-moon-phone-5&#8243; style=&#8221;boxed&#8221; icon_color=&#8221;#ffffff&#8221; txt_color=&#8221;#000000&#8243; txt_link_color=&#8221;#000000&#8243; margin=&#8221;0&#8243; el_class=&#8221;extra-center&#8221;]<a href=\"tel:+48512782952\">+48 690 515 820<\/a>[\/mk_icon_box][mk_icon_box icon=&#8221;mk-li-mail&#8221; style=&#8221;boxed&#8221; icon_color=&#8221;#ffffff&#8221; txt_color=&#8221;#000000&#8243; txt_link_color=&#8221;#000000&#8243; margin=&#8221;0&#8243; el_class=&#8221;extra-center&#8221;]<a href=\"mailto:biuro@ultrareklama.pl\">biuro@ultrareklama.pl<\/a>[\/mk_icon_box][\/vc_column_inner][\/vc_row_inner][\/vc_column][\/mk_page_section]\n<\/div>","protected":false},"excerpt":{"rendered":"<p>[mk_page_section][vc_column][vc_row_inner is_fullwidth_content=&#8221;false&#8221;][vc_column_inner][mk_image src=&#8221;https:\/\/ultrareklama.pl\/wp-content\/uploads\/2024\/05\/ultra_reklama_600.png&#8221; image_size=&#8221;full&#8221; align=&#8221;center&#8221;][\/vc_column_inner][\/vc_row_inner][mk_padding_divider][mk_padding_divider][vc_row_inner is_fullwidth_content=&#8221;false&#8221;][vc_column_inner][mk_fancy_title size=&#8221;25&#8243; force_font_size=&#8221;true&#8221; size_smallscreen=&#8221;25&#8243; size_tablet=&#8221;25&#8243; size_phone=&#8221;18&#8243; font_weight=&#8221;bold&#8221; letter_spacing=&#8221;6&#8243; font_family=&#8221;none&#8221; align=&#8221;center&#8221;]MIEJSCE NA TWOJ\u0104 REKLAM\u0118[\/mk_fancy_title][vc_column_text css=&#8221;.vc_custom_1715022694314{margin-bottom: 0px !important;}&#8221;] Banery reklamowe to jedne z najbardziej popularnych form reklamy zewn\u0119trznej. S\u0105 to du\u017ce drukowane banery umieszczone na budynkach, billbordach, platformach reklamowych lub innych obiektach, kt\u00f3re maj\u0105 na celu przyci\u0105gni\u0119cie uwagi potencjalnych klient\u00f3w. Plusy reklamy [&hellip;]<\/p>\n","protected":false},"author":1,"featured_media":0,"parent":0,"menu_order":0,"comment_status":"closed","ping_status":"open","template":"","meta":{"footnotes":""},"_links":{"self":[{"href":"https:\/\/ultrareklama.pl\/index.php\/wp-json\/wp\/v2\/pages\/2"}],"collection":[{"href":"https:\/\/ultrareklama.pl\/index.php\/wp-json\/wp\/v2\/pages"}],"about":[{"href":"https:\/\/ultrareklama.pl\/index.php\/wp-json\/wp\/v2\/types\/page"}],"author":[{"embeddable":true,"href":"https:\/\/ultrareklama.pl\/index.php\/wp-json\/wp\/v2\/users\/1"}],"replies":[{"embeddable":true,"href":"https:\/\/ultrareklama.pl\/index.php\/wp-json\/wp\/v2\/comments?post=2"}],"version-history":[{"count":50,"href":"https:\/\/ultrareklama.pl\/index.php\/wp-json\/wp\/v2\/pages\/2\/revisions"}],"predecessor-version":[{"id":87,"href":"https:\/\/ultrareklama.pl\/index.php\/wp-json\/wp\/v2\/pages\/2\/revisions\/87"}],"wp:attachment":[{"href":"https:\/\/ultrareklama.pl\/index.php\/wp-json\/wp\/v2\/media?parent=2"}],"curies":[{"name":"wp","href":"https:\/\/api.w.org\/{rel}","templated":true}]}}